{"id":3711,"date":"2026-02-22T13:14:09","date_gmt":"2026-02-22T13:14:09","guid":{"rendered":"https:\/\/helloatelier.dk\/?page_id=3711"},"modified":"2026-02-26T17:24:21","modified_gmt":"2026-02-26T17:24:21","slug":"om-os","status":"publish","type":"page","link":"https:\/\/helloatelier.dk\/en\/om-os\/","title":{"rendered":"About"},"content":{"rendered":"<div class=\"wp-block-group alignfull has-global-padding is-content-justification-center is-layout-constrained wp-container-core-group-is-layout-df757ecc wp-block-group-is-layout-constrained\" style=\"margin-top:0;margin-bottom:0;padding-top:calc( 0.5 * var(--wp--style--root--padding-right, var(--wp--custom--gap--horizontal)));padding-right:var(--wp--style--root--padding-right, var(--wp--custom--gap--horizontal));padding-bottom:calc( 0.5 * var(--wp--style--root--padding-right, var(--wp--custom--gap--horizontal)));padding-left:var(--wp--style--root--padding-left, var(--wp--custom--gap--horizontal))\">\n<div style=\"height:calc( 0.25 * var(--wp--style--root--padding-right, var(--wp--custom--gap--horizontal)))\" aria-hidden=\"true\" class=\"wp-block-spacer\"><\/div>\n\n\n\n<div class=\"wp-block-columns alignwide is-layout-flex wp-container-core-columns-is-layout-7fc3d43a wp-block-columns-is-layout-flex\">\n<div class=\"wp-block-column is-layout-flow wp-block-column-is-layout-flow\">\n<figure class=\"wp-block-image size-full\"><img loading=\"lazy\" decoding=\"async\" width=\"1440\" height=\"2560\" src=\"https:\/\/helloatelier.dk\/wp-content\/uploads\/2026\/02\/pernille-sahara-orken-tur-marokko-scaled.webp\" alt=\"\" class=\"wp-image-3760\" style=\"aspect-ratio:3\/4;object-fit:cover\" srcset=\"https:\/\/helloatelier.dk\/wp-content\/uploads\/2026\/02\/pernille-sahara-orken-tur-marokko-scaled.webp 1440w, https:\/\/helloatelier.dk\/wp-content\/uploads\/2026\/02\/pernille-sahara-orken-tur-marokko-169x300.webp 169w, https:\/\/helloatelier.dk\/wp-content\/uploads\/2026\/02\/pernille-sahara-orken-tur-marokko-576x1024.webp 576w, https:\/\/helloatelier.dk\/wp-content\/uploads\/2026\/02\/pernille-sahara-orken-tur-marokko-768x1365.webp 768w, https:\/\/helloatelier.dk\/wp-content\/uploads\/2026\/02\/pernille-sahara-orken-tur-marokko-864x1536.webp 864w, https:\/\/helloatelier.dk\/wp-content\/uploads\/2026\/02\/pernille-sahara-orken-tur-marokko-1152x2048.webp 1152w, https:\/\/helloatelier.dk\/wp-content\/uploads\/2026\/02\/pernille-sahara-orken-tur-marokko-300x533.webp 300w, https:\/\/helloatelier.dk\/wp-content\/uploads\/2026\/02\/pernille-sahara-orken-tur-marokko-600x1067.webp 600w\" sizes=\"auto, (max-width: 1440px) 100vw, 1440px\" \/><\/figure>\n<\/div>\n\n\n\n<div class=\"wp-block-column is-layout-flow wp-block-column-is-layout-flow\">\n<div class=\"wp-block-group alignfull is-vertical is-layout-flex wp-container-core-group-is-layout-8868eb49 wp-block-group-is-layout-flex\" style=\"min-height:100%;padding-top:0;padding-right:0;padding-bottom:0;padding-left:0\">\n<div class=\"wp-block-group has-global-padding is-layout-constrained wp-block-group-is-layout-constrained\">\n<h1 class=\"wp-block-heading has-x-large-font-size\">About Hello Atelier<\/h1>\n\n\n\n<p>My name is Pernille, and Hello Atelier originally began with my posters. I have always loved creating things with my hands.<\/p>\n\n\n\n<p>Since then, Hello Atelier has grown into a small universe filled with ceramics, rugs, and posters, pieces I would truly love to have in my own home. Everything is either handmade or designed with soul, and sometimes it is the small imperfect details that make things especially charming.<\/p>\n\n\n\n<p>In addition to Hello Atelier, I also arrange tours in Morocco, where I invite others into the country that has inspired me so deeply. Here, I share the places, people, and experiences that have stayed with me and shaped both my life and my creative universe.<\/p>\n\n\n\n<p>My goal is simple: to share my fascination and creativity with you, and to let the pieces you find here bring a little joy, color, and inspiration into your home.<\/p>\n\n\n\n<div class=\"wp-block-buttons is-layout-flex wp-block-buttons-is-layout-flex\">\n<div class=\"wp-block-button\"><a class=\"wp-block-button__link wp-element-button\" href=\"https:\/\/helloatelier.dk\/en\/shop\/\">Shop<\/a><\/div>\n\n\n\n<div class=\"wp-block-button\"><a class=\"wp-block-button__link wp-element-button\" href=\"https:\/\/marokkoeventyr.dk\/\">Marokko Eventyr<\/a><\/div>\n<\/div>\n<\/div>\n<\/div>\n<\/div>\n<\/div>\n\n\n\n<div style=\"height:calc( 0.25 * var(--wp--style--root--padding-right, var(--wp--custom--gap--horizontal)))\" aria-hidden=\"true\" class=\"wp-block-spacer\"><\/div>\n<\/div>","protected":false},"excerpt":{"rendered":"<p>Om Hello Atelier Jeg hedder Pernille, og Hello Atelier startede egentlig med mine plakater. Jeg har altid elsket at skabe ting med mine h\u00e6nder. Siden har Hello Atelier udviklet sig til et lille univers fyldt med keramik, t\u00e6pper og plakater, som jeg selv ville elske at have derhjemme. Alt er h\u00e5ndlavet eller designet med sj\u00e6l, [&hellip;]<\/p>\n","protected":false},"author":2,"featured_media":0,"parent":0,"menu_order":0,"comment_status":"closed","ping_status":"closed","template":"template-page-w-title","meta":{"footnotes":""},"class_list":["post-3711","page","type-page","status-publish","hentry"],"_links":{"self":[{"href":"https:\/\/helloatelier.dk\/en\/wp-json\/wp\/v2\/pages\/3711","targetHints":{"allow":["GET"]}}],"collection":[{"href":"https:\/\/helloatelier.dk\/en\/wp-json\/wp\/v2\/pages"}],"about":[{"href":"https:\/\/helloatelier.dk\/en\/wp-json\/wp\/v2\/types\/page"}],"author":[{"embeddable":true,"href":"https:\/\/helloatelier.dk\/en\/wp-json\/wp\/v2\/users\/2"}],"replies":[{"embeddable":true,"href":"https:\/\/helloatelier.dk\/en\/wp-json\/wp\/v2\/comments?post=3711"}],"version-history":[{"count":8,"href":"https:\/\/helloatelier.dk\/en\/wp-json\/wp\/v2\/pages\/3711\/revisions"}],"predecessor-version":[{"id":3917,"href":"https:\/\/helloatelier.dk\/en\/wp-json\/wp\/v2\/pages\/3711\/revisions\/3917"}],"wp:attachment":[{"href":"https:\/\/helloatelier.dk\/en\/wp-json\/wp\/v2\/media?parent=3711"}],"curies":[{"name":"wp","href":"https:\/\/api.w.org\/{rel}","templated":true}]}}