{"id":3766,"date":"2026-02-23T09:17:45","date_gmt":"2026-02-23T09:17:45","guid":{"rendered":"https:\/\/helloatelier.dk\/?page_id=3766"},"modified":"2026-02-23T09:21:33","modified_gmt":"2026-02-23T09:21:33","slug":"refusionspolitik","status":"publish","type":"page","link":"https:\/\/helloatelier.dk\/en\/refusionspolitik\/","title":{"rendered":"Refund Policy"},"content":{"rendered":"<h2 class=\"wp-block-heading\">Refund Policy<\/h2>\n\n\n\n<h3 class=\"wp-block-heading\">Right of Withdrawal<\/h3>\n\n\n\n<p>You have a 14 day right of withdrawal on all items when shopping at <strong>Hello Atelier<\/strong>.<br>The withdrawal period expires 14 days after the day you receive your item.<\/p>\n\n\n\n<p>Within 14 days of receiving your order, you must contact <strong>Hello Atelier<\/strong> and clearly state that you wish to withdraw from your purchase.<br>The notice must be submitted in writing to <strong><a>krogbitsch@gmail.com<\/a><\/strong> no later than 14 days after receiving the item.<\/p>\n\n\n\n<p>After this, the item must be returned no later than 5 days after you have informed us of your withdrawal.<\/p>\n\n\n\n<p>You cannot withdraw from your purchase simply by refusing delivery without also notifying us.<br>If you refuse delivery of your order or fail to collect your package from the selected pickup location without informing us, we reserve the right to deduct our total shipping costs when refunding your order.<\/p>\n\n\n\n<h3 class=\"wp-block-heading\">Returns and Exchanges<\/h3>\n\n\n\n<p>You must return the item without undue delay and no later than 19 days after receiving your order.<br><strong>Hello Atelier<\/strong> is not obligated to accept returns or exchanges if the deadline is not respected.<\/p>\n\n\n\n<p>When returning an item, you are responsible for the shipping costs, and the item must be securely packaged.<br>You bear the risk for the item until it has been received by <strong>Hello Atelier<\/strong>, which will confirm receipt.<\/p>\n\n\n\n<h3 class=\"wp-block-heading\">Return Shipping and Documentation<\/h3>\n\n\n\n<p>When returning an item, the package must be sent in a way that allows <strong>the shipment to be documented, \n so we can help resolve the issue<\/strong>for example with tracking or a receipt from the postal or shipping company. Return labels can be purchased via <a href=\"https:\/\/www.postnord.dk\/\">PostNord<\/a> or <a>GLS<\/a>.<br>If the package does not arrive, we cannot refund the purchase amount.<\/p>\n\n\n\n<p>If a pickup location refuses to accept the package, you must contact us immediately at <strong><a>krogbitsch@gmail.com<\/a><\/strong>so we can help resolve the issue.<\/p>\n\n\n\n<h3 class=\"wp-block-heading\">Condition of the Item Upon Return<\/h3>\n\n\n\n<p>You are liable for any reduction in the value of the item resulting from handling other than what is necessary to establish the nature, characteristics, and function of the item.<\/p>\n\n\n\n<p>The item must be returned free from strong odors of perfume, detergent, tobacco smoke, or similar.<br>In case of depreciation, we reserve the right to deduct an amount corresponding to the loss in value, which may result in only a partial refund or no refund at all.<\/p>\n\n\n\n<p>Missing original packaging may constitute a reduction in value. To ensure a full refund, we recommend returning the item in its original packaging.<\/p>\n\n\n\n<h3 class=\"wp-block-heading\">Refunds<\/h3>\n\n\n\n<p>If you exercise your right of withdrawal, the refund will be processed using the same payment method used for the purchase, unless otherwise agreed.<br>We cannot issue refunds to third parties, including in the case of gifts.<\/p>\n\n\n\n<p>We reserve the right to withhold the refund until the item has been returned or documentation of the return has been provided.<\/p>\n\n\n\n<h3 class=\"wp-block-heading\">Return Address<\/h3>\n\n\n\n<p>If you wish to withdraw from your purchase, the item must be sent to:<\/p>\n\n\n\n<p><strong>Hello Atelier<\/strong><br>Vognmarken 12, 1. 5 <br>3200 Helsinge <\/p>\n\n\n\n<p>Personal delivery is possible by prior agreement.<\/p>","protected":false},"excerpt":{"rendered":"<p>Refusionspolitik Fortrydelsesret Du har 14 dages fortrydelsesret p\u00e5 alle varer, n\u00e5r du handler hos Hello Atelier.Fortrydelsesfristen udl\u00f8ber 14 dage efter den dag, hvor du har modtaget din vare. Inden for 14 dage efter modtagelse af din ordre skal du kontakte Hello Atelier og give tydelig besked om, at du \u00f8nsker at fortryde dit k\u00f8b.Meddelelsen skal [&hellip;]<\/p>\n","protected":false},"author":2,"featured_media":0,"parent":0,"menu_order":0,"comment_status":"closed","ping_status":"closed","template":"template-page-w-title","meta":{"footnotes":""},"class_list":["post-3766","page","type-page","status-publish","hentry"],"_links":{"self":[{"href":"https:\/\/helloatelier.dk\/en\/wp-json\/wp\/v2\/pages\/3766","targetHints":{"allow":["GET"]}}],"collection":[{"href":"https:\/\/helloatelier.dk\/en\/wp-json\/wp\/v2\/pages"}],"about":[{"href":"https:\/\/helloatelier.dk\/en\/wp-json\/wp\/v2\/types\/page"}],"author":[{"embeddable":true,"href":"https:\/\/helloatelier.dk\/en\/wp-json\/wp\/v2\/users\/2"}],"replies":[{"embeddable":true,"href":"https:\/\/helloatelier.dk\/en\/wp-json\/wp\/v2\/comments?post=3766"}],"version-history":[{"count":3,"href":"https:\/\/helloatelier.dk\/en\/wp-json\/wp\/v2\/pages\/3766\/revisions"}],"predecessor-version":[{"id":3770,"href":"https:\/\/helloatelier.dk\/en\/wp-json\/wp\/v2\/pages\/3766\/revisions\/3770"}],"wp:attachment":[{"href":"https:\/\/helloatelier.dk\/en\/wp-json\/wp\/v2\/media?parent=3766"}],"curies":[{"name":"wp","href":"https:\/\/api.w.org\/{rel}","templated":true}]}}